{"id":48,"date":"2023-04-11T18:12:44","date_gmt":"2023-04-11T16:12:44","guid":{"rendered":"https:\/\/ambasciatapraga.esteri.it\/?page_id=48"},"modified":"2025-08-24T19:36:32","modified_gmt":"2025-08-24T15:06:32","slug":"servizi-per-il-cittadino-straniero","status":"publish","type":"page","link":"https:\/\/ambkabul.esteri.it\/it\/servizi-consolari-e-visti\/servizi-per-il-cittadino-straniero\/","title":{"rendered":"Servizi per il cittadino straniero"},"content":{"rendered":"<p style=\"text-align: justify;\">Per informazioni sul visto per l&#8217;Italia, si prega di visitare il sito dedicato: <a href=\"https:\/\/vistoperitalia.esteri.it\/\">Il visto per l&#8217;Italia<\/a>. L&#8217;Ambasciata d&#8217;Italia in Afghanistan non elabora visti.<\/p>\n<p style=\"text-align: justify;\">Se si \u00e8 gi\u00e0 in possesso di un Nulla Osta per il visto di ricongiungimento familiare, \u00e8 possibile presentare domanda presso la Rappresentanza diplomatica italiana pi\u00f9 vicina. Si prega di notare che, ai sensi della legislazione italiana, i visti per ricongiungimento familiare possono essere rilasciati esclusivamente alle seguenti categorie di familiari:<\/p>\n<p style=\"text-align: justify;\">a) marito\/moglie;<br \/>\nb) figli &#8211; minori o con disabilit\u00e0 (anche con &#8220;kafala&#8221;);<br \/>\nc) genitori\/suoceri a carico (o, se di et\u00e0 superiore ai 65 anni, anche non a carico).<\/p>\n","protected":false},"excerpt":{"rendered":"Per informazioni sul visto per l&#8217;Italia, si prega di visitare il sito dedicato: Il visto per l&#8217;Italia. L&#8217;Ambasciata d&#8217;Italia in Afghanistan non elabora visti. Se si \u00e8 gi\u00e0 in possesso di un Nulla Osta per il visto di ricongiungimento familiare, \u00e8 possibile presentare domanda presso la Rappresentanza diplomatica italiana pi\u00f9 vicina. Si prega di notare [&hellip;]","protected":false},"author":1,"featured_media":0,"parent":15,"menu_order":2,"comment_status":"closed","ping_status":"closed","template":"","meta":{"footnotes":""},"class_list":["post-48","page","type-page","status-publish","hentry"],"_links":{"self":[{"href":"https:\/\/ambkabul.esteri.it\/it\/wp-json\/wp\/v2\/pages\/48","targetHints":{"allow":["GET"]}}],"collection":[{"href":"https:\/\/ambkabul.esteri.it\/it\/wp-json\/wp\/v2\/pages"}],"about":[{"href":"https:\/\/ambkabul.esteri.it\/it\/wp-json\/wp\/v2\/types\/page"}],"author":[{"embeddable":true,"href":"https:\/\/ambkabul.esteri.it\/it\/wp-json\/wp\/v2\/users\/1"}],"replies":[{"embeddable":true,"href":"https:\/\/ambkabul.esteri.it\/it\/wp-json\/wp\/v2\/comments?post=48"}],"version-history":[{"count":7,"href":"https:\/\/ambkabul.esteri.it\/it\/wp-json\/wp\/v2\/pages\/48\/revisions"}],"predecessor-version":[{"id":1718,"href":"https:\/\/ambkabul.esteri.it\/it\/wp-json\/wp\/v2\/pages\/48\/revisions\/1718"}],"up":[{"embeddable":true,"href":"https:\/\/ambkabul.esteri.it\/it\/wp-json\/wp\/v2\/pages\/15"}],"wp:attachment":[{"href":"https:\/\/ambkabul.esteri.it\/it\/wp-json\/wp\/v2\/media?parent=48"}],"curies":[{"name":"wp","href":"https:\/\/api.w.org\/{rel}","templated":true}]}}