{"id":89,"date":"2023-04-11T18:22:07","date_gmt":"2023-04-11T16:22:07","guid":{"rendered":"https:\/\/ambasciatapraga.esteri.it\/?page_id=89"},"modified":"2025-04-10T15:06:32","modified_gmt":"2025-04-10T10:36:32","slug":"visti","status":"publish","type":"page","link":"https:\/\/ambkabul.esteri.it\/it\/servizi-consolari-e-visti\/servizi-per-il-cittadino-straniero\/visti\/","title":{"rendered":"Visti"},"content":{"rendered":"<p style=\"text-align: justify;\"><strong>Per informazioni sul visto per l\u2019Italia, si prega di visitare il sito dedicato:<\/strong> \u00a0<strong><a href=\"https:\/\/vistoperitalia.esteri.it\/home\/en\">Il visto per l\u2019Italia<\/a><\/strong>.<\/p>\n<p style=\"text-align: justify;\">\n<p style=\"text-align: justify;\">L\u2019Ambasciata d\u2019Italia in Afghanistan non eroga visti.\u00a0 Ai sensi dell\u2019articolo 6.2 del Regolamento (CE) n. 810\/2009 (Codice Comunitario dei visti), i cittadini di nazionalit\u00e0 afgana potranno presentare domanda di visto di ingresso, sia di breve che di lungo periodo, presso le Ambasciate e i Consolati d\u2019Italia nei Paesi terzi dove sono legalmente presenti.<\/p>\n<p style=\"text-align: justify;\">Chi \u00e8 gi\u00e0 in possesso di un Nulla Osta per il visto di ricongiungimento, pu\u00f2 fare domanda presso l\u2019Ambasciata italiana pi\u00f9 vicina. Si prega di notare che, ai sensi della legislazione italiana, i visti per il ricongiungimento familiare possono essere rilasciati esclusivamente alle seguenti categorie di familiari:<\/p>\n<ol>\n<li style=\"text-align: justify;\">a) marito\/moglie;<\/li>\n<li style=\"text-align: justify;\">b) figli minori o con disabilit\u00e0 (anche con \u201ckafala\u201d);<\/li>\n<li style=\"text-align: justify;\">c) genitori su cui si fa affidamento finanziario\/suoceri (o, se di et\u00e0 superiore ai 65 anni, anche non finanziariamente dipendenti).<\/li>\n<\/ol>\n","protected":false},"excerpt":{"rendered":"Per informazioni sul visto per l\u2019Italia, si prega di visitare il sito dedicato: \u00a0Il visto per l\u2019Italia. L\u2019Ambasciata d\u2019Italia in Afghanistan non eroga visti.\u00a0 Ai sensi dell\u2019articolo 6.2 del Regolamento (CE) n. 810\/2009 (Codice Comunitario dei visti), i cittadini di nazionalit\u00e0 afgana potranno presentare domanda di visto di ingresso, sia di breve che di lungo [&hellip;]","protected":false},"author":1,"featured_media":0,"parent":48,"menu_order":0,"comment_status":"closed","ping_status":"closed","template":"","meta":{"footnotes":""},"class_list":["post-89","page","type-page","status-publish","hentry"],"_links":{"self":[{"href":"https:\/\/ambkabul.esteri.it\/it\/wp-json\/wp\/v2\/pages\/89","targetHints":{"allow":["GET"]}}],"collection":[{"href":"https:\/\/ambkabul.esteri.it\/it\/wp-json\/wp\/v2\/pages"}],"about":[{"href":"https:\/\/ambkabul.esteri.it\/it\/wp-json\/wp\/v2\/types\/page"}],"author":[{"embeddable":true,"href":"https:\/\/ambkabul.esteri.it\/it\/wp-json\/wp\/v2\/users\/1"}],"replies":[{"embeddable":true,"href":"https:\/\/ambkabul.esteri.it\/it\/wp-json\/wp\/v2\/comments?post=89"}],"version-history":[{"count":3,"href":"https:\/\/ambkabul.esteri.it\/it\/wp-json\/wp\/v2\/pages\/89\/revisions"}],"predecessor-version":[{"id":1296,"href":"https:\/\/ambkabul.esteri.it\/it\/wp-json\/wp\/v2\/pages\/89\/revisions\/1296"}],"up":[{"embeddable":true,"href":"https:\/\/ambkabul.esteri.it\/it\/wp-json\/wp\/v2\/pages\/48"}],"wp:attachment":[{"href":"https:\/\/ambkabul.esteri.it\/it\/wp-json\/wp\/v2\/media?parent=89"}],"curies":[{"name":"wp","href":"https:\/\/api.w.org\/{rel}","templated":true}]}}